{"id":81,"date":"2022-10-17T12:22:57","date_gmt":"2022-10-17T15:22:57","guid":{"rendered":"https:\/\/francisconeto.net\/basecompaginas\/?page_id=81"},"modified":"2022-10-21T08:17:57","modified_gmt":"2022-10-21T11:17:57","slug":"servicos","status":"publish","type":"page","link":"https:\/\/francisconeto.net\/basecompaginas\/servicos\/","title":{"rendered":"Servi\u00e7os"},"content":{"rendered":"\t\t<div data-elementor-type=\"wp-page\" data-elementor-id=\"81\" class=\"elementor elementor-81\">\n\t\t\t\t<div class=\"elementor-element elementor-element-6e343c4 e-flex e-con-boxed e-con e-parent\" data-id=\"6e343c4\" data-element_type=\"container\" data-settings=\"{&quot;background_background&quot;:&quot;classic&quot;}\">\n\t\t\t\t\t<div class=\"e-con-inner\">\n\t\t<div class=\"elementor-element elementor-element-6b7bbb2 e-flex e-con-boxed e-con e-child\" data-id=\"6b7bbb2\" data-element_type=\"container\">\n\t\t\t\t\t<div class=\"e-con-inner\">\n\t\t\t\t<div class=\"elementor-element elementor-element-ed13140 elementor-widget elementor-widget-heading\" data-id=\"ed13140\" data-element_type=\"widget\" data-widget_type=\"heading.default\">\n\t\t\t\t<div class=\"elementor-widget-container\">\n\t\t\t\t\t<h2 class=\"elementor-heading-title elementor-size-default\">Ut enim ad minima veniam, quis nostrum exercitation<\/h2>\t\t\t\t<\/div>\n\t\t\t\t<\/div>\n\t\t\t\t<div class=\"elementor-element elementor-element-c4eb46e elementor-widget elementor-widget-text-editor\" data-id=\"c4eb46e\" data-element_type=\"widget\" data-widget_type=\"text-editor.default\">\n\t\t\t\t<div class=\"elementor-widget-container\">\n\t\t\t\t\t\t\t\t\t<p>Lorem ipsum dolor sit amet, consectetur adipiscing elit. Ut elit tellus, luctus nec ullamcorper mattis, pulvinar dapibus leo.<\/p>\t\t\t\t\t\t\t\t<\/div>\n\t\t\t\t<\/div>\n\t\t\t\t<div class=\"elementor-element elementor-element-17d6b28 elementor-view-stacked elementor-shape-circle elementor-widget elementor-widget-icon\" data-id=\"17d6b28\" data-element_type=\"widget\" data-widget_type=\"icon.default\">\n\t\t\t\t<div class=\"elementor-widget-container\">\n\t\t\t\t\t\t\t<div class=\"elementor-icon-wrapper\">\n\t\t\t<a class=\"elementor-icon\" href=\"#services\">\n\t\t\t<i aria-hidden=\"true\" class=\"fas fa-arrow-down\"><\/i>\t\t\t<\/a>\n\t\t<\/div>\n\t\t\t\t\t\t<\/div>\n\t\t\t\t<\/div>\n\t\t\t\t\t<\/div>\n\t\t\t\t<\/div>\n\t\t\t\t\t<\/div>\n\t\t\t\t<\/div>\n\t\t<div class=\"elementor-element elementor-element-fc97259 e-con-full e-flex e-con e-parent\" data-id=\"fc97259\" data-element_type=\"container\">\n\t\t\t\t<div class=\"elementor-element elementor-element-0439399 elementor-widget elementor-widget-menu-anchor\" data-id=\"0439399\" data-element_type=\"widget\" data-widget_type=\"menu-anchor.default\">\n\t\t\t\t<div class=\"elementor-widget-container\">\n\t\t\t\t\t\t\t<div class=\"elementor-menu-anchor\" id=\"services\"><\/div>\n\t\t\t\t\t\t<\/div>\n\t\t\t\t<\/div>\n\t\t\t\t<\/div>\n\t\t<div class=\"elementor-element elementor-element-2620625d e-flex e-con-boxed e-con e-parent\" data-id=\"2620625d\" data-element_type=\"container\">\n\t\t\t\t\t<div class=\"e-con-inner\">\n\t\t<div class=\"elementor-element elementor-element-1ea84ae1 e-con-full e-flex e-con e-child\" data-id=\"1ea84ae1\" data-element_type=\"container\">\n\t\t\t\t<div class=\"elementor-element elementor-element-56107dff elementor-widget elementor-widget-heading\" data-id=\"56107dff\" data-element_type=\"widget\" data-widget_type=\"heading.default\">\n\t\t\t\t<div class=\"elementor-widget-container\">\n\t\t\t\t\t<h2 class=\"elementor-heading-title elementor-size-default\">Quis autem vel eum iure reprehenderit qui in ea voluptate velit esse quam.<\/h2>\t\t\t\t<\/div>\n\t\t\t\t<\/div>\n\t\t\t\t<div class=\"elementor-element elementor-element-763f2bb0 elementor-widget elementor-widget-text-editor\" data-id=\"763f2bb0\" data-element_type=\"widget\" data-widget_type=\"text-editor.default\">\n\t\t\t\t<div class=\"elementor-widget-container\">\n\t\t\t\t\t\t\t\t\t<p>Lorem ipsum dolor sit amet, consectetur adipiscing elit. Ut elit tellus, luctus nec ullamcorper mattis, pulvinar dapibus leo.<\/p>\t\t\t\t\t\t\t\t<\/div>\n\t\t\t\t<\/div>\n\t\t\t\t<div class=\"elementor-element elementor-element-4d291cf6 elementor-tablet-align-left elementor-mobile-align-center elementor-widget elementor-widget-button\" data-id=\"4d291cf6\" data-element_type=\"widget\" data-widget_type=\"button.default\">\n\t\t\t\t<div class=\"elementor-widget-container\">\n\t\t\t\t\t\t\t\t\t<div class=\"elementor-button-wrapper\">\n\t\t\t\t\t<a class=\"elementor-button elementor-button-link elementor-size-sm\" href=\"#\">\n\t\t\t\t\t\t<span class=\"elementor-button-content-wrapper\">\n\t\t\t\t\t\t<span class=\"elementor-button-icon\">\n\t\t\t\t<i aria-hidden=\"true\" class=\"far fa-gem\"><\/i>\t\t\t<\/span>\n\t\t\t\t\t\t\t\t\t<span class=\"elementor-button-text\">Clique aqui<\/span>\n\t\t\t\t\t<\/span>\n\t\t\t\t\t<\/a>\n\t\t\t\t<\/div>\n\t\t\t\t\t\t\t\t<\/div>\n\t\t\t\t<\/div>\n\t\t\t\t<\/div>\n\t\t<div class=\"elementor-element elementor-element-3b06e90a e-con-full e-flex e-con e-child\" data-id=\"3b06e90a\" data-element_type=\"container\">\n\t\t\t\t<div class=\"elementor-element elementor-element-2a3c0a13 elementor-widget elementor-widget-image\" data-id=\"2a3c0a13\" data-element_type=\"widget\" data-widget_type=\"image.default\">\n\t\t\t\t<div class=\"elementor-widget-container\">\n\t\t\t\t\t\t\t\t\t\t\t\t\t\t\t<img decoding=\"async\" src=\"https:\/\/francisconeto.net\/basecompaginas\/wp-content\/uploads\/2022\/10\/photo-scaled.jpg\" title=\"photo\" alt=\"photo\" loading=\"lazy\" \/>\t\t\t\t\t\t\t\t\t\t\t\t\t\t\t<\/div>\n\t\t\t\t<\/div>\n\t\t\t\t<\/div>\n\t\t\t\t\t<\/div>\n\t\t\t\t<\/div>\n\t\t<div class=\"elementor-element elementor-element-492792d e-flex e-con-boxed e-con e-parent\" data-id=\"492792d\" data-element_type=\"container\">\n\t\t\t\t\t<div class=\"e-con-inner\">\n\t\t<div class=\"elementor-element elementor-element-1b3faee e-con-full e-flex e-con e-child\" data-id=\"1b3faee\" data-element_type=\"container\">\n\t\t\t\t<div class=\"elementor-element elementor-element-afb349f elementor-widget elementor-widget-image\" data-id=\"afb349f\" data-element_type=\"widget\" data-widget_type=\"image.default\">\n\t\t\t\t<div class=\"elementor-widget-container\">\n\t\t\t\t\t\t\t\t\t\t\t\t\t\t\t<img decoding=\"async\" src=\"https:\/\/francisconeto.net\/basecompaginas\/wp-content\/uploads\/2022\/10\/fundo-hero-scaled.jpg\" title=\"fundo-hero\" alt=\"Business concept. Business people discussing the charts and graphs showing the results of their successful teamwork.\" loading=\"lazy\" \/>\t\t\t\t\t\t\t\t\t\t\t\t\t\t\t<\/div>\n\t\t\t\t<\/div>\n\t\t\t\t<\/div>\n\t\t<div class=\"elementor-element elementor-element-54eb1bc e-con-full e-flex e-con e-child\" data-id=\"54eb1bc\" data-element_type=\"container\">\n\t\t\t\t<div class=\"elementor-element elementor-element-ef8dd62 elementor-widget elementor-widget-heading\" data-id=\"ef8dd62\" data-element_type=\"widget\" data-widget_type=\"heading.default\">\n\t\t\t\t<div class=\"elementor-widget-container\">\n\t\t\t\t\t<h2 class=\"elementor-heading-title elementor-size-default\">Quis autem vel eum iure reprehenderit qui in ea voluptate velit esse quam.<\/h2>\t\t\t\t<\/div>\n\t\t\t\t<\/div>\n\t\t\t\t<div class=\"elementor-element elementor-element-5dd72dc elementor-widget elementor-widget-text-editor\" data-id=\"5dd72dc\" data-element_type=\"widget\" data-widget_type=\"text-editor.default\">\n\t\t\t\t<div class=\"elementor-widget-container\">\n\t\t\t\t\t\t\t\t\t<p>Lorem ipsum dolor sit amet, consectetur adipiscing elit. Ut elit tellus, luctus nec ullamcorper mattis, pulvinar dapibus leo.<\/p>\t\t\t\t\t\t\t\t<\/div>\n\t\t\t\t<\/div>\n\t\t\t\t<div class=\"elementor-element elementor-element-dfa6f4d elementor-tablet-align-left elementor-mobile-align-center elementor-widget elementor-widget-button\" data-id=\"dfa6f4d\" data-element_type=\"widget\" data-widget_type=\"button.default\">\n\t\t\t\t<div class=\"elementor-widget-container\">\n\t\t\t\t\t\t\t\t\t<div class=\"elementor-button-wrapper\">\n\t\t\t\t\t<a class=\"elementor-button elementor-button-link elementor-size-sm\" href=\"#\">\n\t\t\t\t\t\t<span class=\"elementor-button-content-wrapper\">\n\t\t\t\t\t\t<span class=\"elementor-button-icon\">\n\t\t\t\t<i aria-hidden=\"true\" class=\"far fa-gem\"><\/i>\t\t\t<\/span>\n\t\t\t\t\t\t\t\t\t<span class=\"elementor-button-text\">Clique aqui<\/span>\n\t\t\t\t\t<\/span>\n\t\t\t\t\t<\/a>\n\t\t\t\t<\/div>\n\t\t\t\t\t\t\t\t<\/div>\n\t\t\t\t<\/div>\n\t\t\t\t<\/div>\n\t\t\t\t\t<\/div>\n\t\t\t\t<\/div>\n\t\t<div class=\"elementor-element elementor-element-714992d e-flex e-con-boxed e-con e-parent\" data-id=\"714992d\" data-element_type=\"container\">\n\t\t\t\t\t<div class=\"e-con-inner\">\n\t\t<div class=\"elementor-element elementor-element-119700b e-con-full e-flex e-con e-child\" data-id=\"119700b\" data-element_type=\"container\">\n\t\t\t\t<div class=\"elementor-element elementor-element-459eae4 elementor-widget elementor-widget-heading\" data-id=\"459eae4\" data-element_type=\"widget\" data-widget_type=\"heading.default\">\n\t\t\t\t<div class=\"elementor-widget-container\">\n\t\t\t\t\t<h2 class=\"elementor-heading-title elementor-size-default\">Quis autem vel eum iure reprehenderit qui in ea voluptate velit esse quam.<\/h2>\t\t\t\t<\/div>\n\t\t\t\t<\/div>\n\t\t\t\t<div class=\"elementor-element elementor-element-af0cb9f elementor-widget elementor-widget-text-editor\" data-id=\"af0cb9f\" data-element_type=\"widget\" data-widget_type=\"text-editor.default\">\n\t\t\t\t<div class=\"elementor-widget-container\">\n\t\t\t\t\t\t\t\t\t<p>Lorem ipsum dolor sit amet, consectetur adipiscing elit. Ut elit tellus, luctus nec ullamcorper mattis, pulvinar dapibus leo.<\/p>\t\t\t\t\t\t\t\t<\/div>\n\t\t\t\t<\/div>\n\t\t\t\t<div class=\"elementor-element elementor-element-7cbcf32 elementor-tablet-align-left elementor-mobile-align-center elementor-widget elementor-widget-button\" data-id=\"7cbcf32\" data-element_type=\"widget\" data-widget_type=\"button.default\">\n\t\t\t\t<div class=\"elementor-widget-container\">\n\t\t\t\t\t\t\t\t\t<div class=\"elementor-button-wrapper\">\n\t\t\t\t\t<a class=\"elementor-button elementor-button-link elementor-size-sm\" href=\"#\">\n\t\t\t\t\t\t<span class=\"elementor-button-content-wrapper\">\n\t\t\t\t\t\t<span class=\"elementor-button-icon\">\n\t\t\t\t<i aria-hidden=\"true\" class=\"far fa-gem\"><\/i>\t\t\t<\/span>\n\t\t\t\t\t\t\t\t\t<span class=\"elementor-button-text\">Clique aqui<\/span>\n\t\t\t\t\t<\/span>\n\t\t\t\t\t<\/a>\n\t\t\t\t<\/div>\n\t\t\t\t\t\t\t\t<\/div>\n\t\t\t\t<\/div>\n\t\t\t\t<\/div>\n\t\t<div class=\"elementor-element elementor-element-b69596c e-con-full e-flex e-con e-child\" data-id=\"b69596c\" data-element_type=\"container\">\n\t\t\t\t<div class=\"elementor-element elementor-element-3dffa1e elementor-widget elementor-widget-image\" data-id=\"3dffa1e\" data-element_type=\"widget\" data-widget_type=\"image.default\">\n\t\t\t\t<div class=\"elementor-widget-container\">\n\t\t\t\t\t\t\t\t\t\t\t\t\t\t\t<img decoding=\"async\" src=\"https:\/\/francisconeto.net\/basecompaginas\/wp-content\/uploads\/2022\/10\/photo-scaled.jpg\" title=\"photo\" alt=\"photo\" loading=\"lazy\" \/>\t\t\t\t\t\t\t\t\t\t\t\t\t\t\t<\/div>\n\t\t\t\t<\/div>\n\t\t\t\t<\/div>\n\t\t\t\t\t<\/div>\n\t\t\t\t<\/div>\n\t\t<div class=\"elementor-element elementor-element-df83ac4 e-flex e-con-boxed e-con e-parent\" data-id=\"df83ac4\" data-element_type=\"container\">\n\t\t\t\t\t<div class=\"e-con-inner\">\n\t\t<div class=\"elementor-element elementor-element-1806bbc e-con-full e-flex e-con e-child\" data-id=\"1806bbc\" data-element_type=\"container\">\n\t\t\t\t<div class=\"elementor-element elementor-element-4b828b1 elementor-widget elementor-widget-image\" data-id=\"4b828b1\" data-element_type=\"widget\" data-widget_type=\"image.default\">\n\t\t\t\t<div class=\"elementor-widget-container\">\n\t\t\t\t\t\t\t\t\t\t\t\t\t\t\t<img decoding=\"async\" src=\"https:\/\/francisconeto.net\/basecompaginas\/wp-content\/uploads\/2022\/10\/fundo-hero-scaled.jpg\" title=\"fundo-hero\" alt=\"Business concept. Business people discussing the charts and graphs showing the results of their successful teamwork.\" loading=\"lazy\" \/>\t\t\t\t\t\t\t\t\t\t\t\t\t\t\t<\/div>\n\t\t\t\t<\/div>\n\t\t\t\t<\/div>\n\t\t<div class=\"elementor-element elementor-element-887573b e-con-full e-flex e-con e-child\" data-id=\"887573b\" data-element_type=\"container\">\n\t\t\t\t<div class=\"elementor-element elementor-element-7287ff6 elementor-widget elementor-widget-heading\" data-id=\"7287ff6\" data-element_type=\"widget\" data-widget_type=\"heading.default\">\n\t\t\t\t<div class=\"elementor-widget-container\">\n\t\t\t\t\t<h2 class=\"elementor-heading-title elementor-size-default\">Quis autem vel eum iure reprehenderit qui in ea voluptate velit esse quam.<\/h2>\t\t\t\t<\/div>\n\t\t\t\t<\/div>\n\t\t\t\t<div class=\"elementor-element elementor-element-9f8f2ec elementor-widget elementor-widget-text-editor\" data-id=\"9f8f2ec\" data-element_type=\"widget\" data-widget_type=\"text-editor.default\">\n\t\t\t\t<div class=\"elementor-widget-container\">\n\t\t\t\t\t\t\t\t\t<p>Lorem ipsum dolor sit amet, consectetur adipiscing elit. Ut elit tellus, luctus nec ullamcorper mattis, pulvinar dapibus leo.<\/p>\t\t\t\t\t\t\t\t<\/div>\n\t\t\t\t<\/div>\n\t\t\t\t<div class=\"elementor-element elementor-element-466b795 elementor-tablet-align-left elementor-mobile-align-center elementor-widget elementor-widget-button\" data-id=\"466b795\" data-element_type=\"widget\" data-widget_type=\"button.default\">\n\t\t\t\t<div class=\"elementor-widget-container\">\n\t\t\t\t\t\t\t\t\t<div class=\"elementor-button-wrapper\">\n\t\t\t\t\t<a class=\"elementor-button elementor-button-link elementor-size-sm\" href=\"#\">\n\t\t\t\t\t\t<span class=\"elementor-button-content-wrapper\">\n\t\t\t\t\t\t<span class=\"elementor-button-icon\">\n\t\t\t\t<i aria-hidden=\"true\" class=\"far fa-gem\"><\/i>\t\t\t<\/span>\n\t\t\t\t\t\t\t\t\t<span class=\"elementor-button-text\">Clique aqui<\/span>\n\t\t\t\t\t<\/span>\n\t\t\t\t\t<\/a>\n\t\t\t\t<\/div>\n\t\t\t\t\t\t\t\t<\/div>\n\t\t\t\t<\/div>\n\t\t\t\t<\/div>\n\t\t\t\t\t<\/div>\n\t\t\t\t<\/div>\n\t\t\t\t<\/div>\n\t\t","protected":false},"excerpt":{"rendered":"<p>Ut enim ad minima veniam, quis nostrum exercitation Lorem ipsum dolor sit amet, consectetur adipiscing elit. Ut elit tellus, luctus nec ullamcorper mattis, pulvinar dapibus leo. Quis autem vel eum iure reprehenderit qui in ea voluptate velit esse quam. Lorem ipsum dolor sit amet, consectetur adipiscing elit. Ut elit tellus, luctus nec ullamcorper mattis, pulvinar [&hellip;]<\/p>\n","protected":false},"author":1,"featured_media":110,"parent":0,"menu_order":2,"comment_status":"closed","ping_status":"closed","template":"","meta":{"inline_featured_image":false,"footnotes":""},"wf_page_folders":[37],"yoast_head":"<!-- This site is optimized with the Yoast SEO plugin v22.7 - https:\/\/yoast.com\/wordpress\/plugins\/seo\/ -->\n<title>Servi\u00e7os - Base de Instala\u00e7\u00e3o<\/title>\n<meta name=\"robots\" content=\"index, follow, max-snippet:-1, max-image-preview:large, max-video-preview:-1\" \/>\n<link rel=\"canonical\" href=\"http:\/\/francisconeto.net\/basecompaginas\/servicos\/\" \/>\n<meta property=\"og:locale\" content=\"pt_BR\" \/>\n<meta property=\"og:type\" content=\"article\" \/>\n<meta property=\"og:title\" content=\"Servi\u00e7os - Base de Instala\u00e7\u00e3o\" \/>\n<meta property=\"og:description\" content=\"Lorem Ipsum is simply dummy text of the printing and typesetting industry. Lorem Ipsum has been the industry&#039;s standard dummy text ever since the 1500s, when an unknown printer took a galley of type and scrambled it to make a type specimen book.\" \/>\n<meta property=\"og:url\" content=\"http:\/\/francisconeto.net\/basecompaginas\/servicos\/\" \/>\n<meta property=\"og:site_name\" content=\"Base de Instala\u00e7\u00e3o\" \/>\n<meta property=\"article:modified_time\" content=\"2022-10-21T11:17:57+00:00\" \/>\n<meta property=\"og:image\" content=\"http:\/\/francisconeto.net\/basecompaginas\/wp-content\/uploads\/2022\/10\/base-destaque-facebook.jpg\" \/>\n\t<meta property=\"og:image:width\" content=\"1200\" \/>\n\t<meta property=\"og:image:height\" content=\"630\" \/>\n\t<meta property=\"og:image:type\" content=\"image\/jpeg\" \/>\n<meta name=\"twitter:card\" content=\"summary_large_image\" \/>\n<meta name=\"twitter:title\" content=\"Servi\u00e7os - Base de Instala\u00e7\u00e3o\" \/>\n<meta name=\"twitter:description\" content=\"Lorem Ipsum is simply dummy text of the printing and typesetting industry. Lorem Ipsum has been the industry&#039;s standard dummy text ever since the 1500s, when an unknown printer took a galley of type and scrambled it to make a type specimen book.\" \/>\n<meta name=\"twitter:image\" content=\"https:\/\/francisconeto.net\/basecompaginas\/wp-content\/uploads\/2022\/10\/base-destaque-twitter.jpg\" \/>\n<meta name=\"twitter:label1\" content=\"Est. tempo de leitura\" \/>\n\t<meta name=\"twitter:data1\" content=\"2 minutos\" \/>\n<script type=\"application\/ld+json\" class=\"yoast-schema-graph\">{\"@context\":\"https:\/\/schema.org\",\"@graph\":[{\"@type\":\"WebPage\",\"@id\":\"http:\/\/francisconeto.net\/basecompaginas\/servicos\/\",\"url\":\"http:\/\/francisconeto.net\/basecompaginas\/servicos\/\",\"name\":\"Servi\u00e7os - Base de Instala\u00e7\u00e3o\",\"isPartOf\":{\"@id\":\"https:\/\/francisconeto.net\/basecompaginas\/#website\"},\"primaryImageOfPage\":{\"@id\":\"http:\/\/francisconeto.net\/basecompaginas\/servicos\/#primaryimage\"},\"image\":{\"@id\":\"http:\/\/francisconeto.net\/basecompaginas\/servicos\/#primaryimage\"},\"thumbnailUrl\":\"https:\/\/francisconeto.net\/basecompaginas\/wp-content\/uploads\/2022\/10\/base-destaque-default.jpg\",\"datePublished\":\"2022-10-17T15:22:57+00:00\",\"dateModified\":\"2022-10-21T11:17:57+00:00\",\"breadcrumb\":{\"@id\":\"http:\/\/francisconeto.net\/basecompaginas\/servicos\/#breadcrumb\"},\"inLanguage\":\"pt-BR\",\"potentialAction\":[{\"@type\":\"ReadAction\",\"target\":[\"http:\/\/francisconeto.net\/basecompaginas\/servicos\/\"]}]},{\"@type\":\"ImageObject\",\"inLanguage\":\"pt-BR\",\"@id\":\"http:\/\/francisconeto.net\/basecompaginas\/servicos\/#primaryimage\",\"url\":\"https:\/\/francisconeto.net\/basecompaginas\/wp-content\/uploads\/2022\/10\/base-destaque-default.jpg\",\"contentUrl\":\"https:\/\/francisconeto.net\/basecompaginas\/wp-content\/uploads\/2022\/10\/base-destaque-default.jpg\",\"width\":1080,\"height\":1080},{\"@type\":\"BreadcrumbList\",\"@id\":\"http:\/\/francisconeto.net\/basecompaginas\/servicos\/#breadcrumb\",\"itemListElement\":[{\"@type\":\"ListItem\",\"position\":1,\"name\":\"Home\",\"item\":\"https:\/\/francisconeto.net\/basecompaginas\/\"},{\"@type\":\"ListItem\",\"position\":2,\"name\":\"Servi\u00e7os\"}]},{\"@type\":\"WebSite\",\"@id\":\"https:\/\/francisconeto.net\/basecompaginas\/#website\",\"url\":\"https:\/\/francisconeto.net\/basecompaginas\/\",\"name\":\"Base de Instala\u00e7\u00e3o\",\"description\":\"\",\"publisher\":{\"@id\":\"https:\/\/francisconeto.net\/basecompaginas\/#organization\"},\"potentialAction\":[{\"@type\":\"SearchAction\",\"target\":{\"@type\":\"EntryPoint\",\"urlTemplate\":\"https:\/\/francisconeto.net\/basecompaginas\/?s={search_term_string}\"},\"query-input\":\"required name=search_term_string\"}],\"inLanguage\":\"pt-BR\"},{\"@type\":\"Organization\",\"@id\":\"https:\/\/francisconeto.net\/basecompaginas\/#organization\",\"name\":\"Base de Instala\u00e7\u00e3o\",\"url\":\"https:\/\/francisconeto.net\/basecompaginas\/\",\"logo\":{\"@type\":\"ImageObject\",\"inLanguage\":\"pt-BR\",\"@id\":\"https:\/\/francisconeto.net\/basecompaginas\/#\/schema\/logo\/image\/\",\"url\":\"https:\/\/francisconeto.net\/basecompaginas\/wp-content\/uploads\/2022\/10\/logo-d-base.svg\",\"contentUrl\":\"https:\/\/francisconeto.net\/basecompaginas\/wp-content\/uploads\/2022\/10\/logo-d-base.svg\",\"width\":800,\"height\":248,\"caption\":\"Base de Instala\u00e7\u00e3o\"},\"image\":{\"@id\":\"https:\/\/francisconeto.net\/basecompaginas\/#\/schema\/logo\/image\/\"}}]}<\/script>\n<!-- \/ Yoast SEO plugin. -->","yoast_head_json":{"title":"Servi\u00e7os - Base de Instala\u00e7\u00e3o","robots":{"index":"index","follow":"follow","max-snippet":"max-snippet:-1","max-image-preview":"max-image-preview:large","max-video-preview":"max-video-preview:-1"},"canonical":"http:\/\/francisconeto.net\/basecompaginas\/servicos\/","og_locale":"pt_BR","og_type":"article","og_title":"Servi\u00e7os - Base de Instala\u00e7\u00e3o","og_description":"Lorem Ipsum is simply dummy text of the printing and typesetting industry. Lorem Ipsum has been the industry's standard dummy text ever since the 1500s, when an unknown printer took a galley of type and scrambled it to make a type specimen book.","og_url":"http:\/\/francisconeto.net\/basecompaginas\/servicos\/","og_site_name":"Base de Instala\u00e7\u00e3o","article_modified_time":"2022-10-21T11:17:57+00:00","og_image":[{"width":1200,"height":630,"url":"http:\/\/francisconeto.net\/basecompaginas\/wp-content\/uploads\/2022\/10\/base-destaque-facebook.jpg","type":"image\/jpeg"}],"twitter_card":"summary_large_image","twitter_title":"Servi\u00e7os - Base de Instala\u00e7\u00e3o","twitter_description":"Lorem Ipsum is simply dummy text of the printing and typesetting industry. Lorem Ipsum has been the industry's standard dummy text ever since the 1500s, when an unknown printer took a galley of type and scrambled it to make a type specimen book.","twitter_image":"https:\/\/francisconeto.net\/basecompaginas\/wp-content\/uploads\/2022\/10\/base-destaque-twitter.jpg","twitter_misc":{"Est. tempo de leitura":"2 minutos"},"schema":{"@context":"https:\/\/schema.org","@graph":[{"@type":"WebPage","@id":"http:\/\/francisconeto.net\/basecompaginas\/servicos\/","url":"http:\/\/francisconeto.net\/basecompaginas\/servicos\/","name":"Servi\u00e7os - Base de Instala\u00e7\u00e3o","isPartOf":{"@id":"https:\/\/francisconeto.net\/basecompaginas\/#website"},"primaryImageOfPage":{"@id":"http:\/\/francisconeto.net\/basecompaginas\/servicos\/#primaryimage"},"image":{"@id":"http:\/\/francisconeto.net\/basecompaginas\/servicos\/#primaryimage"},"thumbnailUrl":"https:\/\/francisconeto.net\/basecompaginas\/wp-content\/uploads\/2022\/10\/base-destaque-default.jpg","datePublished":"2022-10-17T15:22:57+00:00","dateModified":"2022-10-21T11:17:57+00:00","breadcrumb":{"@id":"http:\/\/francisconeto.net\/basecompaginas\/servicos\/#breadcrumb"},"inLanguage":"pt-BR","potentialAction":[{"@type":"ReadAction","target":["http:\/\/francisconeto.net\/basecompaginas\/servicos\/"]}]},{"@type":"ImageObject","inLanguage":"pt-BR","@id":"http:\/\/francisconeto.net\/basecompaginas\/servicos\/#primaryimage","url":"https:\/\/francisconeto.net\/basecompaginas\/wp-content\/uploads\/2022\/10\/base-destaque-default.jpg","contentUrl":"https:\/\/francisconeto.net\/basecompaginas\/wp-content\/uploads\/2022\/10\/base-destaque-default.jpg","width":1080,"height":1080},{"@type":"BreadcrumbList","@id":"http:\/\/francisconeto.net\/basecompaginas\/servicos\/#breadcrumb","itemListElement":[{"@type":"ListItem","position":1,"name":"Home","item":"https:\/\/francisconeto.net\/basecompaginas\/"},{"@type":"ListItem","position":2,"name":"Servi\u00e7os"}]},{"@type":"WebSite","@id":"https:\/\/francisconeto.net\/basecompaginas\/#website","url":"https:\/\/francisconeto.net\/basecompaginas\/","name":"Base de Instala\u00e7\u00e3o","description":"","publisher":{"@id":"https:\/\/francisconeto.net\/basecompaginas\/#organization"},"potentialAction":[{"@type":"SearchAction","target":{"@type":"EntryPoint","urlTemplate":"https:\/\/francisconeto.net\/basecompaginas\/?s={search_term_string}"},"query-input":"required name=search_term_string"}],"inLanguage":"pt-BR"},{"@type":"Organization","@id":"https:\/\/francisconeto.net\/basecompaginas\/#organization","name":"Base de Instala\u00e7\u00e3o","url":"https:\/\/francisconeto.net\/basecompaginas\/","logo":{"@type":"ImageObject","inLanguage":"pt-BR","@id":"https:\/\/francisconeto.net\/basecompaginas\/#\/schema\/logo\/image\/","url":"https:\/\/francisconeto.net\/basecompaginas\/wp-content\/uploads\/2022\/10\/logo-d-base.svg","contentUrl":"https:\/\/francisconeto.net\/basecompaginas\/wp-content\/uploads\/2022\/10\/logo-d-base.svg","width":800,"height":248,"caption":"Base de Instala\u00e7\u00e3o"},"image":{"@id":"https:\/\/francisconeto.net\/basecompaginas\/#\/schema\/logo\/image\/"}}]}},"_links":{"self":[{"href":"https:\/\/francisconeto.net\/basecompaginas\/wp-json\/wp\/v2\/pages\/81"}],"collection":[{"href":"https:\/\/francisconeto.net\/basecompaginas\/wp-json\/wp\/v2\/pages"}],"about":[{"href":"https:\/\/francisconeto.net\/basecompaginas\/wp-json\/wp\/v2\/types\/page"}],"author":[{"embeddable":true,"href":"https:\/\/francisconeto.net\/basecompaginas\/wp-json\/wp\/v2\/users\/1"}],"replies":[{"embeddable":true,"href":"https:\/\/francisconeto.net\/basecompaginas\/wp-json\/wp\/v2\/comments?post=81"}],"version-history":[{"count":2,"href":"https:\/\/francisconeto.net\/basecompaginas\/wp-json\/wp\/v2\/pages\/81\/revisions"}],"predecessor-version":[{"id":759,"href":"https:\/\/francisconeto.net\/basecompaginas\/wp-json\/wp\/v2\/pages\/81\/revisions\/759"}],"wp:featuredmedia":[{"embeddable":true,"href":"https:\/\/francisconeto.net\/basecompaginas\/wp-json\/wp\/v2\/media\/110"}],"wp:attachment":[{"href":"https:\/\/francisconeto.net\/basecompaginas\/wp-json\/wp\/v2\/media?parent=81"}],"wp:term":[{"taxonomy":"wf_page_folders","embeddable":true,"href":"https:\/\/francisconeto.net\/basecompaginas\/wp-json\/wp\/v2\/wf_page_folders?post=81"}],"curies":[{"name":"wp","href":"https:\/\/api.w.org\/{rel}","templated":true}]}}