{"id":708,"date":"2022-10-22T08:38:22","date_gmt":"2022-10-22T11:38:22","guid":{"rendered":"https:\/\/francisconeto.net\/basecompaginas\/?page_id=708"},"modified":"2022-10-22T08:52:12","modified_gmt":"2022-10-22T11:52:12","slug":"confirma","status":"publish","type":"page","link":"https:\/\/francisconeto.net\/basecompaginas\/consultoria\/confirma\/","title":{"rendered":"Acelere Sua Consultoria"},"content":{"rendered":"\t\t<div data-elementor-type=\"wp-page\" data-elementor-id=\"708\" class=\"elementor elementor-708\">\n\t\t\t\t<div class=\"elementor-element elementor-element-ccc16ea e-flex e-con-boxed e-con e-parent\" data-id=\"ccc16ea\" data-element_type=\"container\">\n\t\t\t\t\t<div class=\"e-con-inner\">\n\t\t\t\t<div class=\"elementor-element elementor-element-eff10da elementor-view-default elementor-widget elementor-widget-icon\" data-id=\"eff10da\" data-element_type=\"widget\" data-widget_type=\"icon.default\">\n\t\t\t\t<div class=\"elementor-widget-container\">\n\t\t\t\t\t\t\t<div class=\"elementor-icon-wrapper\">\n\t\t\t<div class=\"elementor-icon\">\n\t\t\t<i aria-hidden=\"true\" class=\"fas fa-gift\"><\/i>\t\t\t<\/div>\n\t\t<\/div>\n\t\t\t\t\t\t<\/div>\n\t\t\t\t<\/div>\n\t\t\t\t<div class=\"elementor-element elementor-element-82e9821 elementor-widget elementor-widget-heading\" data-id=\"82e9821\" data-element_type=\"widget\" data-widget_type=\"heading.default\">\n\t\t\t\t<div class=\"elementor-widget-container\">\n\t\t\t\t\t<h2 class=\"elementor-heading-title elementor-size-default\">Obrigado por se cadastrar, que tal come\u00e7ar a sua consultoria agora?<\/h2>\t\t\t\t<\/div>\n\t\t\t\t<\/div>\n\t\t\t\t<div class=\"elementor-element elementor-element-a87b99f elementor-widget elementor-widget-text-editor\" data-id=\"a87b99f\" data-element_type=\"widget\" data-widget_type=\"text-editor.default\">\n\t\t\t\t<div class=\"elementor-widget-container\">\n\t\t\t\t\t\t\t\t\t<p>Clique abaixo para falar com nossos especialistas no whatsapp e iniciar agora mesmo o plano para aumentar suas vendas<\/p>\t\t\t\t\t\t\t\t<\/div>\n\t\t\t\t<\/div>\n\t\t\t\t<div class=\"elementor-element elementor-element-15ac7eb elementor-align-center elementor-widget elementor-widget-button\" data-id=\"15ac7eb\" data-element_type=\"widget\" data-widget_type=\"button.default\">\n\t\t\t\t<div class=\"elementor-widget-container\">\n\t\t\t\t\t\t\t\t\t<div class=\"elementor-button-wrapper\">\n\t\t\t\t\t<a class=\"elementor-button elementor-button-link elementor-size-lg\" href=\"#\">\n\t\t\t\t\t\t<span class=\"elementor-button-content-wrapper\">\n\t\t\t\t\t\t<span class=\"elementor-button-icon\">\n\t\t\t\t<i aria-hidden=\"true\" class=\"fab fa-whatsapp\"><\/i>\t\t\t<\/span>\n\t\t\t\t\t\t\t\t\t<span class=\"elementor-button-text\">Iniciar no Whatsapp Agora<\/span>\n\t\t\t\t\t<\/span>\n\t\t\t\t\t<\/a>\n\t\t\t\t<\/div>\n\t\t\t\t\t\t\t\t<\/div>\n\t\t\t\t<\/div>\n\t\t\t\t\t<\/div>\n\t\t\t\t<\/div>\n\t\t\t\t<\/div>\n\t\t","protected":false},"excerpt":{"rendered":"<p>Obrigado por se cadastrar, que tal come\u00e7ar a sua consultoria agora? Clique abaixo para falar com nossos especialistas no whatsapp e iniciar agora mesmo o plano para aumentar suas vendas Iniciar no Whatsapp Agora<\/p>\n","protected":false},"author":1,"featured_media":0,"parent":89,"menu_order":0,"comment_status":"closed","ping_status":"closed","template":"elementor_canvas","meta":{"inline_featured_image":false,"footnotes":""},"wf_page_folders":[52],"yoast_head":"<!-- This site is optimized with the Yoast SEO plugin v22.7 - https:\/\/yoast.com\/wordpress\/plugins\/seo\/ -->\n<title>Acelere Sua Consultoria - Base de Instala\u00e7\u00e3o<\/title>\n<meta name=\"robots\" content=\"index, follow, max-snippet:-1, max-image-preview:large, max-video-preview:-1\" \/>\n<link rel=\"canonical\" href=\"https:\/\/francisconeto.net\/basecompaginas\/consultoria\/confirma\/\" \/>\n<meta property=\"og:locale\" content=\"pt_BR\" \/>\n<meta property=\"og:type\" content=\"article\" \/>\n<meta property=\"og:title\" content=\"Acelere Sua Consultoria - Base de Instala\u00e7\u00e3o\" \/>\n<meta property=\"og:description\" content=\"Obrigado por se cadastrar, que tal come\u00e7ar a sua consultoria agora? Clique abaixo para falar com nossos especialistas no whatsapp e iniciar agora mesmo o plano para aumentar suas vendas Iniciar no Whatsapp Agora\" \/>\n<meta property=\"og:url\" content=\"https:\/\/francisconeto.net\/basecompaginas\/consultoria\/confirma\/\" \/>\n<meta property=\"og:site_name\" content=\"Base de Instala\u00e7\u00e3o\" \/>\n<meta property=\"article:modified_time\" content=\"2022-10-22T11:52:12+00:00\" \/>\n<meta name=\"twitter:card\" content=\"summary_large_image\" \/>\n<meta name=\"twitter:label1\" content=\"Est. tempo de leitura\" \/>\n\t<meta name=\"twitter:data1\" content=\"1 minuto\" \/>\n<script type=\"application\/ld+json\" class=\"yoast-schema-graph\">{\"@context\":\"https:\/\/schema.org\",\"@graph\":[{\"@type\":\"WebPage\",\"@id\":\"https:\/\/francisconeto.net\/basecompaginas\/consultoria\/confirma\/\",\"url\":\"https:\/\/francisconeto.net\/basecompaginas\/consultoria\/confirma\/\",\"name\":\"Acelere Sua Consultoria - Base de Instala\u00e7\u00e3o\",\"isPartOf\":{\"@id\":\"https:\/\/francisconeto.net\/basecompaginas\/#website\"},\"datePublished\":\"2022-10-22T11:38:22+00:00\",\"dateModified\":\"2022-10-22T11:52:12+00:00\",\"breadcrumb\":{\"@id\":\"https:\/\/francisconeto.net\/basecompaginas\/consultoria\/confirma\/#breadcrumb\"},\"inLanguage\":\"pt-BR\",\"potentialAction\":[{\"@type\":\"ReadAction\",\"target\":[\"https:\/\/francisconeto.net\/basecompaginas\/consultoria\/confirma\/\"]}]},{\"@type\":\"BreadcrumbList\",\"@id\":\"https:\/\/francisconeto.net\/basecompaginas\/consultoria\/confirma\/#breadcrumb\",\"itemListElement\":[{\"@type\":\"ListItem\",\"position\":1,\"name\":\"Home\",\"item\":\"https:\/\/francisconeto.net\/basecompaginas\/\"},{\"@type\":\"ListItem\",\"position\":2,\"name\":\"Consultoria\",\"item\":\"https:\/\/francisconeto.net\/basecompaginas\/consultoria\/\"},{\"@type\":\"ListItem\",\"position\":3,\"name\":\"Acelere Sua Consultoria\"}]},{\"@type\":\"WebSite\",\"@id\":\"https:\/\/francisconeto.net\/basecompaginas\/#website\",\"url\":\"https:\/\/francisconeto.net\/basecompaginas\/\",\"name\":\"Base de Instala\u00e7\u00e3o\",\"description\":\"\",\"publisher\":{\"@id\":\"https:\/\/francisconeto.net\/basecompaginas\/#organization\"},\"potentialAction\":[{\"@type\":\"SearchAction\",\"target\":{\"@type\":\"EntryPoint\",\"urlTemplate\":\"https:\/\/francisconeto.net\/basecompaginas\/?s={search_term_string}\"},\"query-input\":\"required name=search_term_string\"}],\"inLanguage\":\"pt-BR\"},{\"@type\":\"Organization\",\"@id\":\"https:\/\/francisconeto.net\/basecompaginas\/#organization\",\"name\":\"Base de Instala\u00e7\u00e3o\",\"url\":\"https:\/\/francisconeto.net\/basecompaginas\/\",\"logo\":{\"@type\":\"ImageObject\",\"inLanguage\":\"pt-BR\",\"@id\":\"https:\/\/francisconeto.net\/basecompaginas\/#\/schema\/logo\/image\/\",\"url\":\"https:\/\/francisconeto.net\/basecompaginas\/wp-content\/uploads\/2022\/10\/logo-d-base.svg\",\"contentUrl\":\"https:\/\/francisconeto.net\/basecompaginas\/wp-content\/uploads\/2022\/10\/logo-d-base.svg\",\"width\":800,\"height\":248,\"caption\":\"Base de Instala\u00e7\u00e3o\"},\"image\":{\"@id\":\"https:\/\/francisconeto.net\/basecompaginas\/#\/schema\/logo\/image\/\"}}]}<\/script>\n<!-- \/ Yoast SEO plugin. -->","yoast_head_json":{"title":"Acelere Sua Consultoria - Base de Instala\u00e7\u00e3o","robots":{"index":"index","follow":"follow","max-snippet":"max-snippet:-1","max-image-preview":"max-image-preview:large","max-video-preview":"max-video-preview:-1"},"canonical":"https:\/\/francisconeto.net\/basecompaginas\/consultoria\/confirma\/","og_locale":"pt_BR","og_type":"article","og_title":"Acelere Sua Consultoria - Base de Instala\u00e7\u00e3o","og_description":"Obrigado por se cadastrar, que tal come\u00e7ar a sua consultoria agora? Clique abaixo para falar com nossos especialistas no whatsapp e iniciar agora mesmo o plano para aumentar suas vendas Iniciar no Whatsapp Agora","og_url":"https:\/\/francisconeto.net\/basecompaginas\/consultoria\/confirma\/","og_site_name":"Base de Instala\u00e7\u00e3o","article_modified_time":"2022-10-22T11:52:12+00:00","twitter_card":"summary_large_image","twitter_misc":{"Est. tempo de leitura":"1 minuto"},"schema":{"@context":"https:\/\/schema.org","@graph":[{"@type":"WebPage","@id":"https:\/\/francisconeto.net\/basecompaginas\/consultoria\/confirma\/","url":"https:\/\/francisconeto.net\/basecompaginas\/consultoria\/confirma\/","name":"Acelere Sua Consultoria - Base de Instala\u00e7\u00e3o","isPartOf":{"@id":"https:\/\/francisconeto.net\/basecompaginas\/#website"},"datePublished":"2022-10-22T11:38:22+00:00","dateModified":"2022-10-22T11:52:12+00:00","breadcrumb":{"@id":"https:\/\/francisconeto.net\/basecompaginas\/consultoria\/confirma\/#breadcrumb"},"inLanguage":"pt-BR","potentialAction":[{"@type":"ReadAction","target":["https:\/\/francisconeto.net\/basecompaginas\/consultoria\/confirma\/"]}]},{"@type":"BreadcrumbList","@id":"https:\/\/francisconeto.net\/basecompaginas\/consultoria\/confirma\/#breadcrumb","itemListElement":[{"@type":"ListItem","position":1,"name":"Home","item":"https:\/\/francisconeto.net\/basecompaginas\/"},{"@type":"ListItem","position":2,"name":"Consultoria","item":"https:\/\/francisconeto.net\/basecompaginas\/consultoria\/"},{"@type":"ListItem","position":3,"name":"Acelere Sua Consultoria"}]},{"@type":"WebSite","@id":"https:\/\/francisconeto.net\/basecompaginas\/#website","url":"https:\/\/francisconeto.net\/basecompaginas\/","name":"Base de Instala\u00e7\u00e3o","description":"","publisher":{"@id":"https:\/\/francisconeto.net\/basecompaginas\/#organization"},"potentialAction":[{"@type":"SearchAction","target":{"@type":"EntryPoint","urlTemplate":"https:\/\/francisconeto.net\/basecompaginas\/?s={search_term_string}"},"query-input":"required name=search_term_string"}],"inLanguage":"pt-BR"},{"@type":"Organization","@id":"https:\/\/francisconeto.net\/basecompaginas\/#organization","name":"Base de Instala\u00e7\u00e3o","url":"https:\/\/francisconeto.net\/basecompaginas\/","logo":{"@type":"ImageObject","inLanguage":"pt-BR","@id":"https:\/\/francisconeto.net\/basecompaginas\/#\/schema\/logo\/image\/","url":"https:\/\/francisconeto.net\/basecompaginas\/wp-content\/uploads\/2022\/10\/logo-d-base.svg","contentUrl":"https:\/\/francisconeto.net\/basecompaginas\/wp-content\/uploads\/2022\/10\/logo-d-base.svg","width":800,"height":248,"caption":"Base de Instala\u00e7\u00e3o"},"image":{"@id":"https:\/\/francisconeto.net\/basecompaginas\/#\/schema\/logo\/image\/"}}]}},"_links":{"self":[{"href":"https:\/\/francisconeto.net\/basecompaginas\/wp-json\/wp\/v2\/pages\/708"}],"collection":[{"href":"https:\/\/francisconeto.net\/basecompaginas\/wp-json\/wp\/v2\/pages"}],"about":[{"href":"https:\/\/francisconeto.net\/basecompaginas\/wp-json\/wp\/v2\/types\/page"}],"author":[{"embeddable":true,"href":"https:\/\/francisconeto.net\/basecompaginas\/wp-json\/wp\/v2\/users\/1"}],"replies":[{"embeddable":true,"href":"https:\/\/francisconeto.net\/basecompaginas\/wp-json\/wp\/v2\/comments?post=708"}],"version-history":[{"count":7,"href":"https:\/\/francisconeto.net\/basecompaginas\/wp-json\/wp\/v2\/pages\/708\/revisions"}],"predecessor-version":[{"id":716,"href":"https:\/\/francisconeto.net\/basecompaginas\/wp-json\/wp\/v2\/pages\/708\/revisions\/716"}],"up":[{"embeddable":true,"href":"https:\/\/francisconeto.net\/basecompaginas\/wp-json\/wp\/v2\/pages\/89"}],"wp:attachment":[{"href":"https:\/\/francisconeto.net\/basecompaginas\/wp-json\/wp\/v2\/media?parent=708"}],"wp:term":[{"taxonomy":"wf_page_folders","embeddable":true,"href":"https:\/\/francisconeto.net\/basecompaginas\/wp-json\/wp\/v2\/wf_page_folders?post=708"}],"curies":[{"name":"wp","href":"https:\/\/api.w.org\/{rel}","templated":true}]}}